{"id":11,"date":"2020-08-06T11:12:20","date_gmt":"2020-08-06T11:12:20","guid":{"rendered":"https:\/\/aurumpuertas.es\/?page_id=11"},"modified":"2024-01-09T07:51:58","modified_gmt":"2024-01-09T07:51:58","slug":"sobre-nosotros","status":"publish","type":"page","link":"https:\/\/aurumpuertas.es\/index.php\/sobre-nosotros\/","title":{"rendered":"Sobre nosotros"},"content":{"rendered":"\n<p>Puertas Aurum nace como un proyecto de futuro en el que<br>puedas crear todo lo que tu imaginaci\u00f3n decida, elige tu puerta,<br>elige tu modelo, elige tu color\u2026 nosotros hacemos posible tu<br>fantas\u00eda.<br>Crear soluciones adaptadas a los nuevos tiempos, de vanguardia,<br>funcionales y de alta calidad, esa es la misi\u00f3n de Puertas<br>Aurum, tratando de adaptarnos continuamente a la evoluci\u00f3n<br>de las tendencias y a las demandas del mercado.<br>Nuestras puertas son realizadas por profesionales artesanos,<br>empleando las \u00faltimas tecnolog\u00edas. Somos pioneros en la<br>utilizaci\u00f3n de materiales, en su manipulaci\u00f3n, seguridad y el<br>cuidado del medioambiente.<br>Dominamos la puerta de Dm en cualquier lacado y color que<br>te guste, puertas mate, super mate, alto brillo, metalizadas\u2026<br>somos especialistas con m\u00e1s de 50 a\u00f1os en el sector.<br>Te invitamos a que descubras en este cat\u00e1logo el modelo que<br>mejor conecta con tu proyecto y, si no lo encuentras, lo creamos<br>eligiendo el color que m\u00e1s encaje con tu decoraci\u00f3n, tanto de<br>la Carta RAL como de la NCS.<br>A tu disposici\u00f3n\u2026<\/p>\n\n\n\n<p><\/p>\n","protected":false},"excerpt":{"rendered":"<p>Puertas Aurum nace como un proyecto de futuro en el quepuedas crear todo lo que tu imaginaci\u00f3n decida, elige tu puerta,elige tu modelo, elige tu color\u2026 nosotros hacemos posible tufantas\u00eda.Crear soluciones adaptadas a los nuevos tiempos, de vanguardia,funcionales y de alta calidad, esa es la misi\u00f3n de PuertasAurum, tratando de adaptarnos continuamente a la evoluci\u00f3nde [&hellip;]<\/p>\n","protected":false},"author":1,"featured_media":0,"parent":0,"menu_order":0,"comment_status":"closed","ping_status":"closed","template":"","meta":{"footnotes":""},"_links":{"self":[{"href":"https:\/\/aurumpuertas.es\/index.php\/wp-json\/wp\/v2\/pages\/11"}],"collection":[{"href":"https:\/\/aurumpuertas.es\/index.php\/wp-json\/wp\/v2\/pages"}],"about":[{"href":"https:\/\/aurumpuertas.es\/index.php\/wp-json\/wp\/v2\/types\/page"}],"author":[{"embeddable":true,"href":"https:\/\/aurumpuertas.es\/index.php\/wp-json\/wp\/v2\/users\/1"}],"replies":[{"embeddable":true,"href":"https:\/\/aurumpuertas.es\/index.php\/wp-json\/wp\/v2\/comments?post=11"}],"version-history":[{"count":2,"href":"https:\/\/aurumpuertas.es\/index.php\/wp-json\/wp\/v2\/pages\/11\/revisions"}],"predecessor-version":[{"id":63,"href":"https:\/\/aurumpuertas.es\/index.php\/wp-json\/wp\/v2\/pages\/11\/revisions\/63"}],"wp:attachment":[{"href":"https:\/\/aurumpuertas.es\/index.php\/wp-json\/wp\/v2\/media?parent=11"}],"curies":[{"name":"wp","href":"https:\/\/api.w.org\/{rel}","templated":true}]}}